{"id":842,"date":"2023-02-07T09:19:08","date_gmt":"2023-02-07T09:19:08","guid":{"rendered":"http:\/\/ludgerischule-dingden.de\/?page_id=842"},"modified":"2026-02-19T15:05:06","modified_gmt":"2026-02-19T15:05:06","slug":"uemi","status":"publish","type":"page","link":"https:\/\/ludgerischule-dingden.de\/?page_id=842","title":{"rendered":"\u00dcMI"},"content":{"rendered":"<h2>Das Team der \u00dcbermittagsbetreuung:<\/h2>\n<p><img loading=\"lazy\" decoding=\"async\" class=\"aligncenter wp-image-1178 size-full\" src=\"https:\/\/ludgerischule-dingden.de\/wp-content\/uploads\/2025\/10\/IMG_1597-scaled.jpeg\" alt=\"\" width=\"1920\" height=\"2560\" srcset=\"https:\/\/ludgerischule-dingden.de\/wp-content\/uploads\/2025\/10\/IMG_1597-scaled.jpeg 1920w, https:\/\/ludgerischule-dingden.de\/wp-content\/uploads\/2025\/10\/IMG_1597-225x300.jpeg 225w, https:\/\/ludgerischule-dingden.de\/wp-content\/uploads\/2025\/10\/IMG_1597-768x1024.jpeg 768w, https:\/\/ludgerischule-dingden.de\/wp-content\/uploads\/2025\/10\/IMG_1597-1152x1536.jpeg 1152w, https:\/\/ludgerischule-dingden.de\/wp-content\/uploads\/2025\/10\/IMG_1597-1536x2048.jpeg 1536w\" sizes=\"auto, (max-width: 1920px) 100vw, 1920px\" \/><\/p>\n<p>Das Team der \u00dcMI:<\/p>\n<p>Sonja Mayer, Claudia He\u00dfling, Jenny Wagner, Ulrike Brune, Mareen Holz, Nadine Richel<\/p>\n<p>Wir, die Mitarbeiterinnen der \u00dcbermittagsbetreuung (kurz \u00dcMI) betreuen die Kinder nach Unterrichtsende bis max. <span dir=\"ltr\">13:20 Uhr<\/span> in den R\u00e4umen der Ludgerischule in Dingden. Die Kinder haben bei uns die M\u00f6glichkeit ihre Hausaufgaben (freiwillig) zu erledigen, an Bastelprojekten teilzunehmen, im Theaterraum zu bauen oder zu spielen und bekommen Zeit, um sich auszutauschen.<\/p>\n<p>Zeitlich bietet die \u00dcMI ein flexibles Konzept an. Die Kinder d\u00fcrfen die \u00dcMI t\u00e4glich oder nur an einzelnen Tagen besuchen. Zudem gibt es die M\u00f6glichkeit, die Kinder bereits <span dir=\"ltr\">um 12:30 Uhr<\/span> (nach der 5. Stunde) abzuholen.<\/p>\n<p>Die \u00dcMI wird durch den F\u00f6rderverein der Ludgerischule geleitet und organisiert. F\u00fcr die Betreuung der Kinder ist derzeit ein Elternbeitrag von ca. 70,00 EUR\/Monat zu entrichten. Au\u00dferdem ist eine Mitgliedschaft im F\u00f6rderverein notwendig.<\/p>\n<p>F\u00fcr weitere Fragen k\u00f6nnen Sie uns gerne Mo. &#8211; Fr. <span dir=\"ltr\">von 11:30 Uhr &#8211; 13:20 Uhr\u00a0<\/span>telefonisch unter der <span dir=\"ltr\">0179\/3275658<\/span> kontaktieren oder per E-Mail unter\u00a0<a href=\"mailto:betreuungludgeri@gmail.com\">betreuungludgeri@gmail.com<\/a><span dir=\"ltr\">.\u00a0<\/span><\/p>\n<p>&nbsp;<\/p>\n<p style=\"font-weight: 400;\"><span style=\"color: #ff0000;\">Das <strong>Anmeldeverfahren<\/strong> und die <strong>Vergabevoraussetzungen<\/strong> wurden <strong>umgestellt!<\/strong><\/span><\/p>\n<p style=\"font-weight: 400;\"><span style=\"color: #ff0000;\">Wir bitten Sie daher die unter dem Betreuungsvertrag zu findenden Erl\u00e4uterungen <\/span><span style=\"color: #ff0000;\">aufmerksam zu lesen, damit es im Nachhinein nicht zu Missverst\u00e4ndnissen kommt.\u00a0<\/span><\/p>\n<p style=\"font-weight: 400;\"><span style=\"color: #ff0000;\">Vielen Dank<\/span><\/p>\n<p>Hier die aktuellen Formulare:<\/p>\n<p><a href=\"https:\/\/ludgerischule-dingden.de\/wp-content\/uploads\/2026\/02\/Betreuungsvertrag-ab-01.08.2026.pdf\">Betreuungsvertrag ab 01.08.2026<\/a><\/p>\n<p><a href=\"https:\/\/ludgerischule-dingden.de\/wp-content\/uploads\/2026\/02\/Erlaeuterungen-UeMI-Vertrag-2026.pdf\">Erl\u00e4uterungen \u00dcMI-Vertrag 2026<\/a><\/p>\n<p><a href=\"https:\/\/ludgerischule-dingden.de\/wp-content\/uploads\/2025\/02\/Aufnahmeantrag-Foerderverein.pdf\">Aufnahmeantrag F\u00f6rderverein<\/a><\/p>\n<p><a href=\"https:\/\/ludgerischule-dingden.de\/wp-content\/uploads\/2025\/02\/SEPA-Lastschrift-UeMI.pdf\">SEPA-Lastschrift \u00dcMI<\/a><\/p>\n<p><a href=\"https:\/\/ludgerischule-dingden.de\/wp-content\/uploads\/2025\/02\/Ehrenamtlichen-Pool.pdf\">Ehrenamtlichen Pool<\/a><\/p>\n<p>&nbsp;<\/p>\n<h2>Die R\u00e4umlichkeiten der \u00dcbermittagsbetreuung:<\/h2>\n<p><img loading=\"lazy\" decoding=\"async\" class=\"alignnone size-medium wp-image-843\" src=\"https:\/\/ludgerischule-dingden.de\/wp-content\/uploads\/2023\/02\/49DD5279-DE9E-472E-8EF0-4B27052E9B1A-300x225.jpeg\" alt=\"\" width=\"300\" height=\"225\" srcset=\"https:\/\/ludgerischule-dingden.de\/wp-content\/uploads\/2023\/02\/49DD5279-DE9E-472E-8EF0-4B27052E9B1A-300x225.jpeg 300w, https:\/\/ludgerischule-dingden.de\/wp-content\/uploads\/2023\/02\/49DD5279-DE9E-472E-8EF0-4B27052E9B1A.jpeg 640w\" sizes=\"auto, (max-width: 300px) 100vw, 300px\" \/> <img loading=\"lazy\" decoding=\"async\" class=\"alignnone size-medium wp-image-844\" src=\"https:\/\/ludgerischule-dingden.de\/wp-content\/uploads\/2023\/02\/9C3BD251-C1E8-40F3-9D58-052A0B63280F-300x225.jpeg\" alt=\"\" width=\"300\" height=\"225\" srcset=\"https:\/\/ludgerischule-dingden.de\/wp-content\/uploads\/2023\/02\/9C3BD251-C1E8-40F3-9D58-052A0B63280F-300x225.jpeg 300w, https:\/\/ludgerischule-dingden.de\/wp-content\/uploads\/2023\/02\/9C3BD251-C1E8-40F3-9D58-052A0B63280F.jpeg 640w\" sizes=\"auto, (max-width: 300px) 100vw, 300px\" \/><\/p>\n<p><img loading=\"lazy\" decoding=\"async\" class=\"alignnone size-medium wp-image-846\" src=\"https:\/\/ludgerischule-dingden.de\/wp-content\/uploads\/2023\/02\/F4979C52-B6A8-4635-8C64-7B66C819E71E-225x300.jpeg\" alt=\"\" width=\"225\" height=\"300\" srcset=\"https:\/\/ludgerischule-dingden.de\/wp-content\/uploads\/2023\/02\/F4979C52-B6A8-4635-8C64-7B66C819E71E-225x300.jpeg 225w, https:\/\/ludgerischule-dingden.de\/wp-content\/uploads\/2023\/02\/F4979C52-B6A8-4635-8C64-7B66C819E71E-rotated.jpeg 480w\" sizes=\"auto, (max-width: 225px) 100vw, 225px\" \/><\/p>\n","protected":false},"excerpt":{"rendered":"<p>Das Team der \u00dcbermittagsbetreuung: Das Team der \u00dcMI: Sonja Mayer, Claudia He\u00dfling, Jenny Wagner, Ulrike Brune, Mareen Holz, Nadine Richel Wir, die Mitarbeiterinnen der \u00dcbermittagsbetreuung (kurz \u00dcMI) betreuen die Kinder nach Unterrichtsende bis max. 13:20 Uhr in den R\u00e4umen der &hellip; <a href=\"https:\/\/ludgerischule-dingden.de\/?page_id=842\">Weiterlesen <span class=\"meta-nav\">&rarr;<\/span><\/a><\/p>\n","protected":false},"author":1,"featured_media":0,"parent":0,"menu_order":6,"comment_status":"closed","ping_status":"closed","template":"","meta":{"footnotes":""},"class_list":["post-842","page","type-page","status-publish","hentry"],"_links":{"self":[{"href":"https:\/\/ludgerischule-dingden.de\/index.php?rest_route=\/wp\/v2\/pages\/842","targetHints":{"allow":["GET"]}}],"collection":[{"href":"https:\/\/ludgerischule-dingden.de\/index.php?rest_route=\/wp\/v2\/pages"}],"about":[{"href":"https:\/\/ludgerischule-dingden.de\/index.php?rest_route=\/wp\/v2\/types\/page"}],"author":[{"embeddable":true,"href":"https:\/\/ludgerischule-dingden.de\/index.php?rest_route=\/wp\/v2\/users\/1"}],"replies":[{"embeddable":true,"href":"https:\/\/ludgerischule-dingden.de\/index.php?rest_route=%2Fwp%2Fv2%2Fcomments&post=842"}],"version-history":[{"count":26,"href":"https:\/\/ludgerischule-dingden.de\/index.php?rest_route=\/wp\/v2\/pages\/842\/revisions"}],"predecessor-version":[{"id":1236,"href":"https:\/\/ludgerischule-dingden.de\/index.php?rest_route=\/wp\/v2\/pages\/842\/revisions\/1236"}],"wp:attachment":[{"href":"https:\/\/ludgerischule-dingden.de\/index.php?rest_route=%2Fwp%2Fv2%2Fmedia&parent=842"}],"curies":[{"name":"wp","href":"https:\/\/api.w.org\/{rel}","templated":true}]}}