{"id":498,"date":"2020-03-14T20:27:41","date_gmt":"2020-03-14T20:27:41","guid":{"rendered":"http:\/\/ludgerischule-dingden.de\/?page_id=498"},"modified":"2025-09-21T06:47:51","modified_gmt":"2025-09-21T06:47:51","slug":"aktuelles","status":"publish","type":"page","link":"https:\/\/ludgerischule-dingden.de\/?page_id=498","title":{"rendered":"Aktuelles"},"content":{"rendered":"\r\n<p>Hier k\u00f6nnen sie die aktuellen Busverbindungen einsehen:<\/p>\r\n<p><a href=\"https:\/\/ludgerischule-dingden.de\/wp-content\/uploads\/2025\/09\/Linie-8.2-Lankern.pdf\">Linie 8.2 Lankern<\/a><\/p>\r\n<p><a href=\"https:\/\/ludgerischule-dingden.de\/wp-content\/uploads\/2025\/09\/Linie-8.1-Berg.pdf\">Linie 8.1 Berg<\/a><\/p>\r\n<p>&nbsp;<\/p>\r\n<p>Unter diesem QR Code kann der aktuelle Schulwegeplan eingesehen werden:<\/p>\r\n<p><img loading=\"lazy\" decoding=\"async\" class=\"alignnone size-medium wp-image-1154\" src=\"https:\/\/ludgerischule-dingden.de\/wp-content\/uploads\/2025\/05\/QR_Stadt-Hamminkeln_Schulweg-300x300.jpeg\" alt=\"\" width=\"300\" height=\"300\" srcset=\"https:\/\/ludgerischule-dingden.de\/wp-content\/uploads\/2025\/05\/QR_Stadt-Hamminkeln_Schulweg-300x300.jpeg 300w, https:\/\/ludgerischule-dingden.de\/wp-content\/uploads\/2025\/05\/QR_Stadt-Hamminkeln_Schulweg-1024x1024.jpeg 1024w, https:\/\/ludgerischule-dingden.de\/wp-content\/uploads\/2025\/05\/QR_Stadt-Hamminkeln_Schulweg-150x150.jpeg 150w, https:\/\/ludgerischule-dingden.de\/wp-content\/uploads\/2025\/05\/QR_Stadt-Hamminkeln_Schulweg-768x768.jpeg 768w, https:\/\/ludgerischule-dingden.de\/wp-content\/uploads\/2025\/05\/QR_Stadt-Hamminkeln_Schulweg-1536x1536.jpeg 1536w, https:\/\/ludgerischule-dingden.de\/wp-content\/uploads\/2025\/05\/QR_Stadt-Hamminkeln_Schulweg-2048x2048.jpeg 2048w\" sizes=\"auto, (max-width: 300px) 100vw, 300px\" \/><\/p>\r\n<p>&nbsp;<\/p>\r\n<p>Hier der aktuelle Fahrplan f\u00fcr das Schuljahr 2024\/25 zum Download:<\/p>\r\n<p><a href=\"https:\/\/ludgerischule-dingden.de\/wp-content\/uploads\/2024\/09\/Fahrplan-2425.pdf\">Fahrplan 24:25<\/a><\/p>\r\n<p><br \/>Freitag, 3.11.2023<\/p>\r\n<h2>Neuer Fahrplan der Linie 8.2\u00a0<\/h2>\r\n<p><img loading=\"lazy\" decoding=\"async\" class=\"alignnone size-medium wp-image-931\" src=\"https:\/\/ludgerischule-dingden.de\/wp-content\/uploads\/2023\/11\/IMG_0513-300x205.jpeg\" alt=\"\" width=\"300\" height=\"205\" srcset=\"https:\/\/ludgerischule-dingden.de\/wp-content\/uploads\/2023\/11\/IMG_0513-300x205.jpeg 300w, https:\/\/ludgerischule-dingden.de\/wp-content\/uploads\/2023\/11\/IMG_0513-1024x699.jpeg 1024w, https:\/\/ludgerischule-dingden.de\/wp-content\/uploads\/2023\/11\/IMG_0513-768x525.jpeg 768w, https:\/\/ludgerischule-dingden.de\/wp-content\/uploads\/2023\/11\/IMG_0513-1536x1049.jpeg 1536w, https:\/\/ludgerischule-dingden.de\/wp-content\/uploads\/2023\/11\/IMG_0513-2048x1399.jpeg 2048w\" sizes=\"auto, (max-width: 300px) 100vw, 300px\" \/> <img loading=\"lazy\" decoding=\"async\" class=\"alignnone size-medium wp-image-932\" src=\"https:\/\/ludgerischule-dingden.de\/wp-content\/uploads\/2023\/11\/IMG_0514-300x194.jpeg\" alt=\"\" width=\"300\" height=\"194\" srcset=\"https:\/\/ludgerischule-dingden.de\/wp-content\/uploads\/2023\/11\/IMG_0514-300x194.jpeg 300w, https:\/\/ludgerischule-dingden.de\/wp-content\/uploads\/2023\/11\/IMG_0514-1024x661.jpeg 1024w, https:\/\/ludgerischule-dingden.de\/wp-content\/uploads\/2023\/11\/IMG_0514-768x496.jpeg 768w, https:\/\/ludgerischule-dingden.de\/wp-content\/uploads\/2023\/11\/IMG_0514-1536x991.jpeg 1536w, https:\/\/ludgerischule-dingden.de\/wp-content\/uploads\/2023\/11\/IMG_0514-2048x1322.jpeg 2048w\" sizes=\"auto, (max-width: 300px) 100vw, 300px\" \/><\/p>\r\n<p>Donnerstag, 10.08.2023<\/p>\r\n<p>Hier die aktuellen Busfahrpl\u00e4ne:<\/p>\r\n<p><img loading=\"lazy\" decoding=\"async\" class=\"alignnone wp-image-909 size-full\" src=\"https:\/\/ludgerischule-dingden.de\/wp-content\/uploads\/2023\/08\/IMG_0430.jpeg\" alt=\"\" width=\"883\" height=\"1267\" srcset=\"https:\/\/ludgerischule-dingden.de\/wp-content\/uploads\/2023\/08\/IMG_0430.jpeg 883w, https:\/\/ludgerischule-dingden.de\/wp-content\/uploads\/2023\/08\/IMG_0430-209x300.jpeg 209w, https:\/\/ludgerischule-dingden.de\/wp-content\/uploads\/2023\/08\/IMG_0430-714x1024.jpeg 714w, https:\/\/ludgerischule-dingden.de\/wp-content\/uploads\/2023\/08\/IMG_0430-768x1102.jpeg 768w\" sizes=\"auto, (max-width: 883px) 100vw, 883px\" \/><\/p>\r\n<p><img loading=\"lazy\" decoding=\"async\" class=\"alignnone wp-image-911 size-full\" src=\"https:\/\/ludgerischule-dingden.de\/wp-content\/uploads\/2023\/08\/IMG_0431.jpeg\" alt=\"\" width=\"899\" height=\"1319\" srcset=\"https:\/\/ludgerischule-dingden.de\/wp-content\/uploads\/2023\/08\/IMG_0431.jpeg 899w, https:\/\/ludgerischule-dingden.de\/wp-content\/uploads\/2023\/08\/IMG_0431-204x300.jpeg 204w, https:\/\/ludgerischule-dingden.de\/wp-content\/uploads\/2023\/08\/IMG_0431-698x1024.jpeg 698w, https:\/\/ludgerischule-dingden.de\/wp-content\/uploads\/2023\/08\/IMG_0431-768x1127.jpeg 768w\" sizes=\"auto, (max-width: 899px) 100vw, 899px\" \/><br \/>Donnerstag, 04.05.2023<\/p>\r\n<p class=\"s8\"><strong><span class=\"s24\">Fragen zum Leihvertrag k\u00f6nnen an den Fachdienst 40 im Rathaus der Stadt Hamminkeln gerichtet werden.<\/span><\/strong><\/p>\r\n<p class=\"s21\"><span class=\"s24\">E-Mail: \u00a0 \u00a0<\/span><a class=\"s24\" href=\"mailto:rita.nehling@hamminkeln.de\">rita.nehling@hamminkeln.de<\/a><span class=\"s24\">, <\/span><a class=\"s24\" href=\"mailto:monika.bracht@hamminkeln.de\">monika.bracht@hamminkeln.de<\/a> <span class=\"s24\">oder \u00a0 \u00a0 \u00a0<\/span><a class=\"s24\" href=\"mailto:ilona.huebers-buchmann@hamminkeln.de\">ilona.huebers-buchmann@hamminkeln.de<\/a><\/p>\r\n<hr \/>\r\n<p>Freitag, 21.04.2023<\/p>\r\n<p><strong>Citylauf-Informationen:<\/strong>\u00a0 \u00a0 \u00a0 \u00a0 \u00a0 \u00a0 \u00a0 \u00a0 \u00a0 \u00a0\u00a0<\/p>\r\n<ol start=\"22\">\r\n<li>Bocholter Citylauf am Samstag, <strong>06. Mai 2023<\/strong><\/li>\r\n<\/ol>\r\n<p>Liebe Cityl\u00e4uferinnen und Cityl\u00e4ufer, liebe Eltern!<\/p>\r\n<p><strong>97 Kinder (41 M\u00e4dchen und 56)<\/strong> aus Dingden nehmen am Bocholter Citylauf teil. Unsere <strong>M\u00e4dchen<\/strong> starten um <strong>17.00 Uhr<\/strong>, unsere <strong>Jungen<\/strong> um <strong>17.30 Uhr<\/strong>. Beide L\u00e4ufe werden <strong><u>unsererseits<\/u><\/strong> von ausreichend Erwachsenen begleitet.<\/p>\r\n<p><strong><u>Treffpunkt Dingden:<\/u><\/strong><\/p>\r\n<p>Wir treffen uns um <strong>15.45<\/strong> Uhr auf dem Schulhof unserer Grundschule. Dann fahren wir gemeinsam um <strong>16.00 <\/strong>Uhr an der Bushaltestelle \u201eUp de Woort\u201c mit dem Bus nach Bocholt. Die Ankunft ist gegen 16.30 Uhr am Zugbahnhof in Bocholt geplant. Wer m\u00f6chte kann sein Kind auch selbst nach Bocholt bringen.<\/p>\r\n<p><strong><u>Treffpunkt Bocholt:<\/u><\/strong><\/p>\r\n<p>Der Aufenthaltsort vor und nach den jeweiligen L\u00e4ufen wird der Parkplatz gegen\u00fcber der Georgskirche sein (ehemalig Stadtsparkasse Bocholt). Wir sind um ca<strong>. 16.45<\/strong> Uhrdort.<\/p>\r\n<p><strong><u>Ausr\u00fcstung:<\/u><\/strong><\/p>\r\n<p style=\"font-weight: 400;\">Alle Kinder sollten in Sportsachen erscheinen. Da bereits um 17.00 Uhr unsere M\u00e4dchen loslegen, bitte die Startnummer schon zu Hause vorne am T-Shirt in den daf\u00fcr vorgesehenen L\u00f6chern befestigen. Die Startnummer darf nicht geknickt werden, da sie der Registrierung und Zeitmessung dient. Sie wird rechtzeitig in der Schule verteilt und darf zur Erinnerung an diesen Tag behalten werden (gleiches gilt auch f\u00fcr das Citylauf-T-Shirt). Achten Sie darauf, dass die Kinder nicht mit vollem Magen an den Start gehen und etwas zu trinken mitnehmen.<\/p>\r\n<p style=\"font-weight: 400;\"><strong>Bitte alle unn\u00f6tigen Wertsachen zu Hause lassen!<\/strong><u>\u00a0<\/u><\/p>\r\n<p style=\"font-weight: 400;\"><strong><u>Abreise:<\/u><\/strong><\/p>\r\n<p style=\"font-weight: 400;\">Gegen <strong>18.00<\/strong> <strong>Uhr<\/strong> haben alle Kinder die Strecke bew\u00e4ltigt<strong>. Nun endet auch die Betreuung.<\/strong> <strong>Wir warten am o. g. Sammelplatz, bis alle Eltern ihre Kinder abgeholt haben.<\/strong><\/p>\r\n<p style=\"font-weight: 400;\"><strong>Wenn noch Fragen bestehen, wenden Sie sich bitte an das \u201eCitylauf-Team\u201c:<\/strong><strong>\u00a0<\/strong><\/p>\r\n<p style=\"font-weight: 400;\">Verena Ridder (Tel.: 967059), Raimund Weyers, Markus Weidemann, Tanja Tersek, Moni Ehning, Carina Diestegge, Thorsten Schultze, Irene Ruff und Dennis Ruff<\/p>\r\n<p style=\"font-weight: 400;\"><strong>!!! Am Samstag, 22.04.2023, findet der 2. Probelauf statt!!!<\/strong><\/p>\r\n<hr \/>\r\n<p>Mittwoch, 16.02.2022<\/p>\r\n<p>Liebe Eltern,<\/p>\r\n<p>der Wetterdienst berichtet, dass in der Nacht zum Donnerstag eine rasche Windzunahme mit orkanartigen B\u00f6en erfolgen wird und wir am Donnerstag und eventuell auch am Freitag mit Windst\u00e4rken von ca. 100km\/h rechnen m\u00fcssen.<\/p>\r\n<p>Wir erwarten im Verlaufe des heutigen Tages eine Entscheidung der Bezirksregierung, wie wir von schulischer Seite damit umzugehen haben. Sobald Informationen vorliegen, informieren wir Sie schnellstm\u00f6glich.<\/p>\r\n<p>Nach neuem Erlass wird diese Entscheidung ausschlie\u00dflich \u00fcber eine regionale Koordinierungsgruppe der Bezirksregierung f\u00fcr St\u00e4dte, Kreise und Regionen in Zusammenarbeit mit dem deutschen Wetterdienst getroffen. Schulen und Schultr\u00e4ger sind an diese Entscheidung gebunden.<\/p>\r\n<p>Im Zweifelsfall &#8211; sofern keine Absage des Unterrichts erfolgt &#8211; d\u00fcrfen Eltern nach wie vor selbst entscheiden, ob sie den Schulweg ihres Kindes f\u00fcr sicher erachten oder ihr Kind lieber zu Hause lassen.<\/p>\r\n<p>Viele Gr\u00fc\u00dfe<\/p>\r\n<p>Birgit Decressin\u00a0<\/p>","protected":false},"excerpt":{"rendered":"<p>Hier k\u00f6nnen sie die aktuellen Busverbindungen einsehen: Linie 8.2 Lankern Linie 8.1 Berg &nbsp; Unter diesem QR Code kann der aktuelle Schulwegeplan eingesehen werden: &nbsp; Hier der aktuelle Fahrplan f\u00fcr das Schuljahr 2024\/25 zum Download: Fahrplan 24:25 Freitag, 3.11.2023 Neuer &hellip; <a href=\"https:\/\/ludgerischule-dingden.de\/?page_id=498\">Weiterlesen <span class=\"meta-nav\">&rarr;<\/span><\/a><\/p>\n","protected":false},"author":1,"featured_media":0,"parent":0,"menu_order":0,"comment_status":"closed","ping_status":"closed","template":"","meta":{"footnotes":""},"class_list":["post-498","page","type-page","status-publish","hentry"],"_links":{"self":[{"href":"https:\/\/ludgerischule-dingden.de\/index.php?rest_route=\/wp\/v2\/pages\/498","targetHints":{"allow":["GET"]}}],"collection":[{"href":"https:\/\/ludgerischule-dingden.de\/index.php?rest_route=\/wp\/v2\/pages"}],"about":[{"href":"https:\/\/ludgerischule-dingden.de\/index.php?rest_route=\/wp\/v2\/types\/page"}],"author":[{"embeddable":true,"href":"https:\/\/ludgerischule-dingden.de\/index.php?rest_route=\/wp\/v2\/users\/1"}],"replies":[{"embeddable":true,"href":"https:\/\/ludgerischule-dingden.de\/index.php?rest_route=%2Fwp%2Fv2%2Fcomments&post=498"}],"version-history":[{"count":147,"href":"https:\/\/ludgerischule-dingden.de\/index.php?rest_route=\/wp\/v2\/pages\/498\/revisions"}],"predecessor-version":[{"id":1175,"href":"https:\/\/ludgerischule-dingden.de\/index.php?rest_route=\/wp\/v2\/pages\/498\/revisions\/1175"}],"wp:attachment":[{"href":"https:\/\/ludgerischule-dingden.de\/index.php?rest_route=%2Fwp%2Fv2%2Fmedia&parent=498"}],"curies":[{"name":"wp","href":"https:\/\/api.w.org\/{rel}","templated":true}]}}