{"id":46,"date":"2018-03-04T18:28:35","date_gmt":"2018-03-04T18:28:35","guid":{"rendered":"http:\/\/ludgerischule-dingden.de\/?page_id=46"},"modified":"2025-11-06T14:45:32","modified_gmt":"2025-11-06T14:45:32","slug":"ogs","status":"publish","type":"page","link":"https:\/\/ludgerischule-dingden.de\/?page_id=46","title":{"rendered":"OGS"},"content":{"rendered":"<p><b><span style=\"font-size: large;\">Offene Ganztagsschule:<\/span><\/b><\/p>\n<p><img loading=\"lazy\" decoding=\"async\" class=\"alignnone wp-image-1185\" src=\"https:\/\/ludgerischule-dingden.de\/wp-content\/uploads\/2025\/11\/Bild2.jpg\" alt=\"\" width=\"98\" height=\"102\" \/><\/p>\n<p><strong><em>Die OGS Ludgerischule Dingden stellt sich vor<\/em><\/strong><\/p>\n<p>Unsere OGS steht in der Tr\u00e4gerschaft des Caritasverbandes Dinslaken \u2013 Wesel.<\/p>\n<p>Ihr Kind wird bei uns an allen Schultagen nach Unterrichtsschluss bis um 16.00 Uhr betreut. Wir begleiten und unterst\u00fctzen Ihr Kind bei den Hausaufgaben und geben Ihm mehrere M\u00f6glichkeiten zur Freizeitgestaltung. Ihr Kind kann bei uns eine warme Mahlzeit bekommen.<\/p>\n<p><strong><em>Unser Team:<\/em><\/strong><\/p>\n<p><img loading=\"lazy\" decoding=\"async\" class=\"alignnone wp-image-1184\" src=\"https:\/\/ludgerischule-dingden.de\/wp-content\/uploads\/2025\/11\/Bild1-300x218.jpg\" alt=\"\" width=\"472\" height=\"343\" srcset=\"https:\/\/ludgerischule-dingden.de\/wp-content\/uploads\/2025\/11\/Bild1-300x218.jpg 300w, https:\/\/ludgerischule-dingden.de\/wp-content\/uploads\/2025\/11\/Bild1-1024x743.jpg 1024w, https:\/\/ludgerischule-dingden.de\/wp-content\/uploads\/2025\/11\/Bild1-768x557.jpg 768w, https:\/\/ludgerischule-dingden.de\/wp-content\/uploads\/2025\/11\/Bild1.jpg 1386w\" sizes=\"auto, (max-width: 472px) 100vw, 472px\" \/><\/p>\n<p>Von links nach rechts: \u00a0Birgit Heynck, Sigrid Ssymmank, Elisabeth Abels \u2013 Vehns, Claudia Feldmann, Doris Brune`, Birgit Nienhaus<\/p>\n<p>&nbsp;<\/p>\n<p><strong><em>Unsere R\u00e4ume<\/em><\/strong><\/p>\n<p><img loading=\"lazy\" decoding=\"async\" class=\"alignnone wp-image-1188\" src=\"https:\/\/ludgerischule-dingden.de\/wp-content\/uploads\/2025\/11\/Bild5.jpg\" alt=\"\" width=\"165\" height=\"181\" \/> \u00a0<img loading=\"lazy\" decoding=\"async\" class=\"alignnone wp-image-1186\" src=\"https:\/\/ludgerischule-dingden.de\/wp-content\/uploads\/2025\/11\/Bild3.jpg\" alt=\"\" width=\"162\" height=\"181\" \/> \u00a0<img loading=\"lazy\" decoding=\"async\" class=\"alignnone wp-image-1187\" src=\"https:\/\/ludgerischule-dingden.de\/wp-content\/uploads\/2025\/11\/Bild4.jpg\" alt=\"\" width=\"148\" height=\"179\" \/><\/p>\n<p><strong><em>\u00a0\u00a0\u00a0\u00a0\u00a0\u00a0\u00a0\u00a0\u00a0\u00a0 \u00a0\u00a0\u00a0\u00a0\u00a0\u00a0\u00a0\u00a0\u00a0\u00a0\u00a0\u00a0\u00a0 \u00a0\u00a0\u00a0\u00a0\u00a0\u00a0\u00a0\u00a0 \u00a0\u00a0<\/em><\/strong><\/p>\n<p><strong><em>\u00a0Unser Tagesablauf:<\/em><\/strong><\/p>\n<p>Nach Schulschluss kommen die Kinder selbst\u00e4ndig in die OGS (Ausnahme: Die Kinder der Jahrgangsstufe 1 werden in den ersten Tagen an der Klasse abgeholt und schrittweise daran gew\u00f6hnt, den Weg zur OGS selbst\u00e4ndig zu gehen). Nach einer kurzen Pause werden die Hausaufgaben gemacht. Anschlie\u00dfend wird zu Mittag gegessen. Danach haben alle Kinder, die bis um 13.20 Uhr Unterricht hatten, die M\u00f6glichkeit, ihre Hausaufgaben zu erledigen. Wenn alle Kinder die Hausaufgaben erledigt haben, k\u00f6nnen sie frei spielen oder an einer AG teilnehmen. Ab 15.00 Uhr k\u00f6nnen Sie Ihr Kind abholen bzw. alleine nach Hause kommen lassen. Um 16.00 Uhr schlie\u00dft die OGS.<\/p>\n<p><strong><em>Wir betreuen jahrgangsweise:<\/em><\/strong><\/p>\n<p>Wir betreuen Ihre Kinder jahrgangsweise d.h. alle Kinder einer\u00a0 \u00a0 \u00a0 \u00a0 \u00a0 \u00a0 \u00a0 \u00a0 \u00a0 \u00a0 \u00a0 \u00a0 \u00a0 \u00a0 \u00a0 \u00a0 \u00a0 \u00a0 \u00a0 \u00a0 \u00a0 \u00a0 \u00a0 \u00a0 \u00a0 Jahrgangsstufe werden gemeinsam in einer Gruppe betreut.\u00a0 \u00a0 \u00a0 \u00a0 \u00a0 \u00a0 \u00a0 \u00a0 \u00a0 \u00a0 \u00a0 \u00a0 \u00a0 \u00a0 \u00a0 \u00a0 \u00a0 \u00a0 \u00a0 \u00a0 \u00a0 \u00a0 \u00a0 \u00a0 \u00a0 \u00a0 \u00a0 \u00a0 Sie essen gemeinsam in ihrem Gruppenraum und machen dort auch ihre Hausaufgaben.\u00a0 \u00a0 Die Kinder der Jahrgangsstufe 1 werden von Frau Brune` betreut\u00a0 \u00a0 \u00a0 \u00a0 \u00a0 \u00a0 \u00a0 \u00a0 \u00a0 \u00a0 \u00a0 \u00a0 \u00a0 \u00a0 \u00a0 \u00a0 \u00a0 \u00a0 \u00a0 \u00a0 und f\u00fcr die Kinder der Jahrgangsstufe 2 sind frau Abels \u2013 Vehns\u00a0 \u00a0 \u00a0 \u00a0 \u00a0 \u00a0 \u00a0 \u00a0 \u00a0 \u00a0 \u00a0 \u00a0 \u00a0 \u00a0 \u00a0 \u00a0 \u00a0 \u00a0 \u00a0 \u00a0 \u00a0 \u00a0 \u00a0 \u00a0 und Frau Feldmann die Ansprechpartner. Die Jahrgangsstufe 3 wird von Frau Ssymmank und die Jahrgangsstufe 4 von Frau Heynck und Frau Nienhaus betreut.<\/p>\n<p><img loading=\"lazy\" decoding=\"async\" class=\"size-full wp-image-1189 aligncenter\" src=\"https:\/\/ludgerischule-dingden.de\/wp-content\/uploads\/2025\/11\/Bild6.jpg\" alt=\"\" width=\"176\" height=\"152\" \/><\/p>\n<p><strong><em>Bei uns kann Ihr Kind eine warme Mahlzeit einnehmen:<\/em><\/strong><\/p>\n<p>Wir bieten f\u00fcr Ihr Kind eine warme Mahlzeit mit Dessert f\u00fcr z.Z. 3,75 \u20ac pro Tag an. Das Essen wird von der Firma Wachtmeister aus Raesfeld geliefert.\u00a0\u00a0\u00a0\u00a0\u00a0\u00a0\u00a0\u00a0\u00a0\u00a0\u00a0\u00a0\u00a0\u00a0\u00a0\u00a0\u00a0\u00a0\u00a0\u00a0\u00a0\u00a0\u00a0\u00a0\u00a0\u00a0\u00a0\u00a0\u00a0\u00a0\u00a0\u00a0\u00a0\u00a0\u00a0\u00a0\u00a0\u00a0\u00a0\u00a0\u00a0\u00a0\u00a0\u00a0\u00a0\u00a0 Die Kinder essen gemeinsam in 2 Gruppen. Die Jahrgangsstufen 1 und 2\u00a0 \u00a0 \u00a0 \u00a0 \u00a0 \u00a0 \u00a0 \u00a0 \u00a0 \u00a0 \u00a0 \u00a0 \u00a0 \u00a0 um 12.30 Uhr und die Jahrgangsstufen 3 und 4 um 13.20 Uhr. Sollte Ihr\u00a0 \u00a0 \u00a0 \u00a0 \u00a0 \u00a0 \u00a0 \u00a0 \u00a0 \u00a0 \u00a0 \u00a0 \u00a0 \u00a0 \u00a0 \u00a0 \u00a0 Kind aus gesundheitlichen oder religi\u00f6sem Gr\u00fcnden ein besonderes Essen\u00a0 \u00a0 \u00a0 \u00a0 \u00a0 \u00a0 \u00a0 \u00a0 \u00a0 \u00a0 \u00a0 \u00a0 ben\u00f6tigen, teilen Sie uns dieses bitte mit.<\/p>\n<p><img loading=\"lazy\" decoding=\"async\" class=\"size-full wp-image-1191 aligncenter\" src=\"https:\/\/ludgerischule-dingden.de\/wp-content\/uploads\/2025\/11\/Bild8.jpg\" alt=\"\" width=\"253\" height=\"185\" \/><\/p>\n<p><strong><em>Hausaufgaben:<\/em><\/strong><\/p>\n<p>Ihr Kind erledigt hier in der OGS seine Hausaufgaben. Wir geben den Kindern\u00a0\u00a0\u00a0\u00a0\u00a0\u00a0\u00a0\u00a0\u00a0\u00a0\u00a0\u00a0\u00a0\u00a0\u00a0\u00a0\u00a0\u00a0 \u00a0Hilfestellungen, es soll aber auch lernen, seine Hausaufgaben m\u00f6glichst selbst\u00e4ndig zu erledigen. Sollte Ihr Kind einmal nicht mit den Hausaufgaben fertig werden,\u00a0 \u00a0 \u00a0 \u00a0 \u00a0 \u00a0 \u00a0 \u00a0 \u00a0 \u00a0 \u00a0 \u00a0 \u00a0 m\u00fcssen diese zu Hause fertiggestellt werden. Den Kindern stehen f\u00fcr die Erledigung der Hausaufgaben 30 Minuten (Jahrgangsstufe 1 und 2) bzw. 45 Minuten (Jahrgangsstufe 3 und 4) zur Verf\u00fcgung. Auch die Lesehausaufgaben m\u00fcssen zu Hause erledigt werden. Die Kontrolle der Hausaufgabe ist Aufgabe der Eltern.\u00a0 \u00a0 \u00a0 \u00a0 \u00a0 \u00a0 \u00a0 \u00a0 \u00a0 \u00a0 \u00a0 \u00a0 \u00a0 \u00a0 \u00a0 \u00a0 \u00a0 \u00a0 \u00a0 \u00a0 \u00a0 \u00a0 \u00a0 \u00a0 \u00a0 \u00a0 \u00a0 \u00a0 \u00a0 \u00a0 \u00a0 \u00a0 \u00a0 \u00a0 \u00a0 \u00a0 \u00a0 WICHTIG: wir geben keine Nachhilfe!<\/p>\n<p><img loading=\"lazy\" decoding=\"async\" class=\"size-full wp-image-1194 aligncenter\" src=\"https:\/\/ludgerischule-dingden.de\/wp-content\/uploads\/2025\/11\/Bild11.jpg\" alt=\"\" width=\"175\" height=\"141\" \/><\/p>\n<p><strong><em>Unsere Freizeitangebote f\u00fcr Ihre Kinder:<\/em><\/strong><\/p>\n<p>In den Gruppenr\u00e4umen haben wir verschiedene Spielecken wie z.B. eine Puppenecke,\u00a0 \u00a0 \u00a0 \u00a0 \u00a0 eine Spielk\u00fcche, Playmobile, Legosteine, eine Kugelbahn u.v.m. Au\u00dferdem haben\u00a0 \u00a0 \u00a0 \u00a0 \u00a0 \u00a0 \u00a0 \u00a0 \u00a0 die Kinder die M\u00f6glichkeit, verschiedene Gesellschaftsspiele zu spielen, zu malen und zu\u00a0 \u00a0 basteln. Sie k\u00f6nnen aber auch einfach nur entspannen oder lesen.\u00a0 \u00a0 \u00a0 \u00a0 \u00a0 \u00a0 \u00a0 \u00a0 \u00a0 \u00a0 \u00a0 \u00a0 \u00a0 \u00a0 \u00a0 \u00a0 \u00a0 \u00a0 \u00a0 \u00a0 \u00a0 \u00a0 M\u00f6glichst oft gehen wir mit den Kindern nach drau\u00dfen auf den Schulhof. Dort k\u00f6nnen\u00a0 \u00a0 \u00a0 die Kinder mit Rollern oder Inlinern fahren, mit Sandspielzeug, Pferdeleinen, Springseilen usw. spielen. Auch Malkreide, mit der die Kinder mit ihren Kunstwerken den Schulhof\u00a0\u00a0\u00a0\u00a0\u00a0\u00a0\u00a0\u00a0 versch\u00f6nern, wird oft genutzt. Der gro\u00dfe Spielplatz mit Schaukeln, Kletterturm und\u00a0\u00a0\u00a0\u00a0\u00a0\u00a0\u00a0\u00a0\u00a0\u00a0\u00a0 Hangelstange sowie der gro\u00dfe Fu\u00dfballplatz und die Tischtennisplatten sind bei den Kindern sehr beliebt.<\/p>\n<p><img loading=\"lazy\" decoding=\"async\" class=\"alignnone size-medium wp-image-1192\" src=\"https:\/\/ludgerischule-dingden.de\/wp-content\/uploads\/2025\/11\/Bild9-300x211.jpg\" alt=\"\" width=\"300\" height=\"211\" srcset=\"https:\/\/ludgerischule-dingden.de\/wp-content\/uploads\/2025\/11\/Bild9-300x211.jpg 300w, https:\/\/ludgerischule-dingden.de\/wp-content\/uploads\/2025\/11\/Bild9.jpg 351w\" sizes=\"auto, (max-width: 300px) 100vw, 300px\" \/>\u00a0 <img loading=\"lazy\" decoding=\"async\" class=\"alignnone wp-image-1193\" src=\"https:\/\/ludgerischule-dingden.de\/wp-content\/uploads\/2025\/11\/Bild10.jpg\" alt=\"\" width=\"188\" height=\"207\" \/><\/p>\n<p><strong><em>Unsere AG\u00b4S und Projekte:<\/em><\/strong><\/p>\n<p>Ihre Kinder k\u00f6nnen am Nachmittag an verschiedenen AG`S oder Projekten teilnehmen.\u00a0 \u00a0 \u00a0 Bei den Angeboten richten wir uns m\u00f6glichst nach den W\u00fcnschen und Interessen\u00a0 \u00a0 \u00a0 \u00a0 \u00a0 \u00a0 \u00a0 \u00a0 \u00a0 Ihrer Kinder. An 2 Tagen nutzen wir die Turnhalle, dort bieten wir verschiedene Bewegungsm\u00f6glichkeiten an. Au\u00dferdem kann gebastelt oder in der B\u00fccherei gelesen\u00a0 \u00a0 \u00a0 \u00a0 \u00a0 \u00a0 werden. Ihre Kinder k\u00f6nnen auch am Jungen-oder M\u00e4dchentreff der Gemeinde\u00a0 \u00a0 \u00a0 \u00a0 \u00a0 \u00a0 \u00a0 \u00a0 \u00a0 \u00a0 Maria Frieden oder an der Theater- AG teilnehmen<\/p>\n<p><strong><em>Ferienbetreuung:<\/em><\/strong><\/p>\n<p>Wir betreuen Ihr Kind w\u00e4hrend der kompletten Oster- und Herbstferien. In den Sommerferien betreuen wir in den ersten 3 Wochen.\u00a0 \u00a0 \u00a0 \u00a0 \u00a0 \u00a0 \u00a0 \u00a0 \u00a0 \u00a0 \u00a0 \u00a0 \u00a0 \u00a0 \u00a0 \u00a0 \u00a0 \u00a0 \u00a0 \u00a0 \u00a0 \u00a0 \u00a0 \u00a0 \u00a0 \u00a0 \u00a0 \u00a0 \u00a0 \u00a0 \u00a0 \u00a0 \u00a0 \u00a0 \u00a0 In den Weihnachtsferien betreuen wir nach Neujahr bis zum Schulbeginn. An schulfreien Tagen oder fr\u00fcherem Schulschluss betreuen wir Ihr Kind ebenfalls .\u00a0 \u00a0 \u00a0 \u00a0 \u00a0 \u00a0 \u00a0 \u00a0 \u00a0 \u00a0 \u00a0 \u00a0 \u00a0 \u00a0 \u00a0 \u00a0 \u00a0 \u00a0 \u00a0 \u00a0 \u00a0 \u00a0 \u00a0 \u00a0 \u00a0 \u00a0 \u00a0 \u00a0 \u00a0 \u00a0 \u00a0 \u00a0 \u00a0 \u00a0 \u00a0 \u00a0 \u00a0 \u00a0 \u00a0 \u00a0 \u00a0 \u00a0 \u00a0 \u00a0 \u00a0 \u00a0 \u00a0 \u00a0 \u00a0 \u00a0 \u00a0 \u00a0 \u00a0 \u00a0 \u00a0 \u00a0 \u00a0 \u00a0 \u00a0 \u00a0 \u00a0 \u00a0 \u00a0 \u00a0 \u00a0 \u00a0 \u00a0 \u00a0 \u00a0 \u00a0 \u00a0 \u00a0 \u00a0 \u00a0 \u00a0 \u00a0 \u00a0 \u00a0 \u00a0 \u00a0 \u00a0 \u00a0 \u00a0 \u00a0 \u00a0 \u00a0 \u00a0 \u00a0 \u00a0 \u00a0 \u00a0 \u00a0 \u00a0 \u00a0 \u00a0 \u00a0 \u00a0 \u00a0 \u00a0 \u00a0 \u00a0 \u00a0 \u00a0 Sie bekommen vor jeder Ferienbetreuung eine Abfrage zum Bedarf<strong><em> \u00a0<\/em><\/strong><\/p>\n<p>bitte melden Sie Ihren Bedarf per Telefon, Mail oder \u00fcber Kita plus an.\u00a0 \u00a0 \u00a0 \u00a0 \u00a0 \u00a0 \u00a0 \u00a0 \u00a0 \u00a0 \u00a0 \u00a0 \u00a0 \u00a0 \u00a0 \u00a0 \u00a0 \u00a0 Zu Beginn des Schuljahres erhalten Sie einen Ferienkalender.<\/p>\n<p><img loading=\"lazy\" decoding=\"async\" class=\"size-medium wp-image-1196 aligncenter\" src=\"https:\/\/ludgerischule-dingden.de\/wp-content\/uploads\/2025\/11\/Bild12-214x300.jpg\" alt=\"\" width=\"214\" height=\"300\" srcset=\"https:\/\/ludgerischule-dingden.de\/wp-content\/uploads\/2025\/11\/Bild12-214x300.jpg 214w, https:\/\/ludgerischule-dingden.de\/wp-content\/uploads\/2025\/11\/Bild12.jpg 294w\" sizes=\"auto, (max-width: 214px) 100vw, 214px\" \/><\/p>\n<p><strong><em>Welche Kosten entstehen f\u00fcr Sie:<\/em><\/strong><\/p>\n<p>Der monatliche Beitrag richtet sich nach dem Einkommen der Erziehungsberechtigten. Dabei ist der Betrag f\u00fcr die Dauer eines Jahres zu zahlen. F\u00fcr Geschwisterkinder zahlen Sie nur die H\u00e4lfte des Beitrages. Zus\u00e4tzlich zum Beitrag f\u00fcr die OGS kommen noch die Kosten f\u00fcr das Mittagessen hinzu. F\u00fcr Familien mit einem geringen Einkommen ist es m\u00f6glich BuT (Bildung und Teilhabe) zu beantragen. Wird dieser Antrag bewilligt, fallen die Kosten f\u00fcr das Mittagessen weg.<\/p>\n<p><img loading=\"lazy\" decoding=\"async\" class=\"size-medium wp-image-1197 aligncenter\" src=\"https:\/\/ludgerischule-dingden.de\/wp-content\/uploads\/2025\/11\/Bild13-300x252.jpg\" alt=\"\" width=\"300\" height=\"252\" srcset=\"https:\/\/ludgerischule-dingden.de\/wp-content\/uploads\/2025\/11\/Bild13-300x252.jpg 300w, https:\/\/ludgerischule-dingden.de\/wp-content\/uploads\/2025\/11\/Bild13.jpg 460w\" sizes=\"auto, (max-width: 300px) 100vw, 300px\" \/><\/p>\n<p><strong><em>Wie k\u00f6nnen Sie Ihr Kind anmelden:<\/em><\/strong><\/p>\n<p>Anmeldeformulare erhalten Sie direkt bei uns oder im Schulsekretariat. Diese geben Sie bitte ausgef\u00fcllt und von allen Erziehungsberechtigten Personen unterschrieben wieder bei uns ab. Die Anmeldung Ihres Kindes an der OGS ist verbindlich f\u00fcr die Dauer eines<\/p>\n<p>ganzen Schuljahres. Eine vorzeitige unterj\u00e4hrige Abmeldung Ihres Kindes durch die Erziehungsberechtigten ist mit einer Frist von 4 Wochen zum 1. eines Monats nur aus einem wichtigen Grund m\u00f6glich. Als wichtiger Grund gelten z. B. die \u00c4nderung der Personensorge f\u00fcr das Kind, Schulwechsel, ein Umzug.<\/p>\n<p>Sollten Sie sich f\u00fcr eine Anmeldung entscheiden, geben Sie das Anmeldeformular bitte bis zum 01.05.2026 wieder bei uns ab.<\/p>\n<p><strong><em>Sonstiges:<\/em><\/strong><\/p>\n<p>Das ben\u00f6tigt Ihr Kind in der OGS:<\/p>\n<ul>\n<li>Hausschuhe<\/li>\n<li>Ein Foto f\u00fcr unseren Geburtstagskalender<\/li>\n<li>Eine Tasche f\u00fcr selbstgebastelte Dinge<\/li>\n<li>Im Sommer eine Kopfbedeckung und Sonnencreme evtl. Badesachen<\/li>\n<\/ul>\n<p>Das ist uns wichtig:<\/p>\n<ul>\n<li>Wenn Sie Fragen haben, sprechen Sie uns gerne an<\/li>\n<li>Bei Bedarf vereinbaren Sie bitte einen Gespr\u00e4chstermin mit uns, damit wir gen\u00fcgend Zeit einplanen k\u00f6nnen<\/li>\n<li>Bitte melden Sie Ihr Kind immer ab, wenn es nicht in die OGS kommt oder wenn Sie es abholen.<\/li>\n<\/ul>\n<p><strong><em>Wie k\u00f6nnen Sie uns erreichen\u00a0\u00a0\u00a0\u00a0\u00a0\u00a0\u00a0\u00a0\u00a0\u00a0\u00a0\u00a0\u00a0\u00a0\u00a0\u00a0\u00a0\u00a0\u00a0\u00a0\u00a0\u00a0\u00a0\u00a0\u00a0\u00a0\u00a0\u00a0\u00a0\u00a0\u00a0\u00a0\u00a0\u00a0\u00a0\u00a0\u00a0\u00a0\u00a0\u00a0\u00a0\u00a0\u00a0\u00a0\u00a0\u00a0\u00a0\u00a0\u00a0\u00a0\u00a0\u00a0\u00a0\u00a0\u00a0\u00a0\u00a0\u00a0\u00a0\u00a0\u00a0\u00a0\u00a0\u00a0\u00a0\u00a0\u00a0\u00a0\u00a0\u00a0\u00a0\u00a0\u00a0\u00a0\u00a0\u00a0\u00a0\u00a0\u00a0\u00a0\u00a0\u00a0\u00a0\u00a0\u00a0\u00a0\u00a0\u00a0\u00a0\u00a0\u00a0\u00a0\u00a0\u00a0\u00a0\u00a0\u00a0\u00a0\u00a0\u00a0\u00a0\u00a0\u00a0\u00a0\u00a0\u00a0\u00a0\u00a0\u00a0\u00a0\u00a0\u00a0\u00a0\u00a0\u00a0\u00a0\u00a0\u00a0\u00a0\u00a0\u00a0\u00a0\u00a0\u00a0\u00a0\u00a0\u00a0\u00a0\u00a0\u00a0\u00a0\u00a0\u00a0\u00a0\u00a0\u00a0\u00a0\u00a0\u00a0\u00a0\u00a0\u00a0\u00a0\u00a0\u00a0\u00a0\u00a0\u00a0\u00a0\u00a0\u00a0\u00a0\u00a0\u00a0\u00a0\u00a0\u00a0\u00a0\u00a0\u00a0\u00a0\u00a0\u00a0\u00a0\u00a0\u00a0\u00a0\u00a0\u00a0\u00a0\u00a0\u00a0\u00a0 \u00a0\u00a0\u00a0\u00a0<\/em><\/strong><\/p>\n<p>Telefon :\u00a0\u00a0\u00a0\u00a0\u00a0\u00a0\u00a0\u00a0\u00a0\u00a0\u00a0\u00a0\u00a0 02852 \/ 3422<\/p>\n<p>Mail :\u00a0\u00a0\u00a0\u00a0\u00a0\u00a0\u00a0\u00a0\u00a0\u00a0\u00a0\u00a0\u00a0\u00a0\u00a0\u00a0\u00a0\u00a0\u00a0 <a href=\"mailto:ogs-dingden@caritas-hamminkeln.de\">ogs-dingden@caritas-hamminkeln.de<\/a><\/p>\n<p>App :\u00a0\u00a0\u00a0\u00a0\u00a0\u00a0\u00a0\u00a0\u00a0\u00a0\u00a0\u00a0\u00a0\u00a0\u00a0\u00a0\u00a0\u00a0\u00a0\u00a0 Kitaplus<\/p>\n<p>&nbsp;<\/p>\n<p>&nbsp;<\/p>\n<p>&nbsp;<\/p>\n<p>&nbsp;<\/p>\n<p>&nbsp;<\/p>\n<p><strong><em>\u00a0<\/em><\/strong><\/p>\n<p>&nbsp;<\/p>\n<p>&nbsp;<\/p>\n<p>&nbsp;<\/p>\n","protected":false},"excerpt":{"rendered":"<p>Offene Ganztagsschule: Die OGS Ludgerischule Dingden stellt sich vor Unsere OGS steht in der Tr\u00e4gerschaft des Caritasverbandes Dinslaken \u2013 Wesel. Ihr Kind wird bei uns an allen Schultagen nach Unterrichtsschluss bis um 16.00 Uhr betreut. Wir begleiten und unterst\u00fctzen Ihr &hellip; <a href=\"https:\/\/ludgerischule-dingden.de\/?page_id=46\">Weiterlesen <span class=\"meta-nav\">&rarr;<\/span><\/a><\/p>\n","protected":false},"author":1,"featured_media":0,"parent":0,"menu_order":6,"comment_status":"closed","ping_status":"closed","template":"","meta":{"footnotes":""},"class_list":["post-46","page","type-page","status-publish","hentry"],"_links":{"self":[{"href":"https:\/\/ludgerischule-dingden.de\/index.php?rest_route=\/wp\/v2\/pages\/46","targetHints":{"allow":["GET"]}}],"collection":[{"href":"https:\/\/ludgerischule-dingden.de\/index.php?rest_route=\/wp\/v2\/pages"}],"about":[{"href":"https:\/\/ludgerischule-dingden.de\/index.php?rest_route=\/wp\/v2\/types\/page"}],"author":[{"embeddable":true,"href":"https:\/\/ludgerischule-dingden.de\/index.php?rest_route=\/wp\/v2\/users\/1"}],"replies":[{"embeddable":true,"href":"https:\/\/ludgerischule-dingden.de\/index.php?rest_route=%2Fwp%2Fv2%2Fcomments&post=46"}],"version-history":[{"count":18,"href":"https:\/\/ludgerischule-dingden.de\/index.php?rest_route=\/wp\/v2\/pages\/46\/revisions"}],"predecessor-version":[{"id":1199,"href":"https:\/\/ludgerischule-dingden.de\/index.php?rest_route=\/wp\/v2\/pages\/46\/revisions\/1199"}],"wp:attachment":[{"href":"https:\/\/ludgerischule-dingden.de\/index.php?rest_route=%2Fwp%2Fv2%2Fmedia&parent=46"}],"curies":[{"name":"wp","href":"https:\/\/api.w.org\/{rel}","templated":true}]}}