{"id":44,"date":"2018-03-04T18:26:27","date_gmt":"2018-03-04T18:26:27","guid":{"rendered":"http:\/\/ludgerischule-dingden.de\/?page_id=44"},"modified":"2024-11-05T12:49:15","modified_gmt":"2024-11-05T12:49:15","slug":"foerderverein","status":"publish","type":"page","link":"https:\/\/ludgerischule-dingden.de\/?page_id=44","title":{"rendered":"F\u00f6rderverein"},"content":{"rendered":"<p><img loading=\"lazy\" decoding=\"async\" class=\" wp-image-810 aligncenter\" src=\"https:\/\/ludgerischule-dingden.de\/wp-content\/uploads\/2022\/04\/LOGO-Foerderverein-Ludgerischule-Dingden-300x82.png\" alt=\"\" width=\"340\" height=\"93\" srcset=\"https:\/\/ludgerischule-dingden.de\/wp-content\/uploads\/2022\/04\/LOGO-Foerderverein-Ludgerischule-Dingden-300x82.png 300w, https:\/\/ludgerischule-dingden.de\/wp-content\/uploads\/2022\/04\/LOGO-Foerderverein-Ludgerischule-Dingden-1024x279.png 1024w, https:\/\/ludgerischule-dingden.de\/wp-content\/uploads\/2022\/04\/LOGO-Foerderverein-Ludgerischule-Dingden-768x209.png 768w, https:\/\/ludgerischule-dingden.de\/wp-content\/uploads\/2022\/04\/LOGO-Foerderverein-Ludgerischule-Dingden-1536x418.png 1536w, https:\/\/ludgerischule-dingden.de\/wp-content\/uploads\/2022\/04\/LOGO-Foerderverein-Ludgerischule-Dingden-2048x558.png 2048w\" sizes=\"auto, (max-width: 340px) 100vw, 340px\" \/><\/p>\n<p>Liebe Eltern,<\/p>\n<p>liebe Interessierte,<\/p>\n<p>Schule ist mehr als Lesen, Schreiben und Rechnen.<\/p>\n<p>Deshalb bietet die Ludgeri-Grundschule Dingden neben dem Unterricht noch viele andere wichtige und interessante Angebote an.<\/p>\n<p>Dies kann die Schule nicht alles aus eigenen Mitteln finanzieren \u2013 um wichtige Projekte und Anschaffungen umzusetzen, braucht sie finanzielle Unterst\u00fctzung.<\/p>\n<p>Und hier kommen wir als F\u00f6rderverein der Ludgeri-Grundschule Dingden ins Spiel. Seit 1996 unterst\u00fctzen wir Aktivit\u00e4ten und Projekte, die das schulische Leben bereichern und die p\u00e4dagogische Arbeit erg\u00e4nzen.<\/p>\n<p>Durch die Hilfe unserer Mitglieder und unserer Unterst\u00fctzer konnte der F\u00f6rderverein in den letzten Jahren bereits eine Vielzahl an Projekten und Anschaffungen realisieren:<\/p>\n<p>&#8211;\u00a0\u00a0\u00a0\u00a0\u00a0\u00a0\u00a0\u00a0\u00a0\u00a0\u00a0\u00a0\u00a0 Angebot der \u00dcbermittagsbetreuung (\u00dcMI)<\/p>\n<p>&#8211;\u00a0\u00a0\u00a0\u00a0\u00a0\u00a0\u00a0\u00a0\u00a0\u00a0\u00a0\u00a0\u00a0 B\u00fccher f\u00fcr die Schulb\u00fccherei<\/p>\n<p>&#8211;\u00a0\u00a0\u00a0\u00a0\u00a0\u00a0\u00a0\u00a0\u00a0\u00a0\u00a0\u00a0\u00a0 Aufstockung \/ Erweiterung von Lehrmaterialien<\/p>\n<p>&#8211;\u00a0\u00a0\u00a0\u00a0\u00a0\u00a0\u00a0\u00a0\u00a0\u00a0\u00a0\u00a0\u00a0 Finanzierung und aktive Unterst\u00fctzung von Schulfesten<\/p>\n<p>&#8211;\u00a0\u00a0\u00a0\u00a0\u00a0\u00a0\u00a0\u00a0\u00a0\u00a0\u00a0\u00a0\u00a0 Mitfinanzierung von besonderen Schulprojekten, wie der Zirkusprojektwoche<\/p>\n<p>&#8211;\u00a0\u00a0\u00a0\u00a0\u00a0\u00a0\u00a0\u00a0\u00a0\u00a0\u00a0\u00a0\u00a0 Unterst\u00fctzung des Martinzuges<\/p>\n<p>&#8211;\u00a0\u00a0\u00a0\u00a0\u00a0\u00a0\u00a0\u00a0\u00a0\u00a0\u00a0\u00a0\u00a0 Finanzierung von Spielger\u00e4ten auf dem Schulhof<\/p>\n<p>&#8211;\u00a0\u00a0\u00a0\u00a0\u00a0\u00a0\u00a0\u00a0\u00a0\u00a0\u00a0\u00a0\u00a0 Unterst\u00fctzung der Teilnahme am Bocholter City-Lauf<\/p>\n<p>&#8211;\u00a0\u00a0\u00a0\u00a0\u00a0\u00a0\u00a0\u00a0\u00a0\u00a0\u00a0\u00a0\u00a0 Fahrradhelme und Warnwesten f\u00fcr die Verkehrserziehung<\/p>\n<p>&nbsp;<\/p>\n<p><strong>Wie k\u00f6nnen Sie die Sch\u00fcler*innen und die Schule unterst\u00fctzen?<\/strong><\/p>\n<p>Wenn Sie Ihre Erfahrung, Ihr Wissen, Ihr K\u00f6nnen einbringen m\u00f6chten, freuen wir uns auf Ihre Mitgliedschaft. Auch wenn Sie sich nicht pers\u00f6nlich als aktives Mitglied engagieren, k\u00f6nnen Sie F\u00f6rdermitglied unseres Vereins werden. Als F\u00f6rdermitglied unterst\u00fctzen Sie den Verein finanziell mit Ihrem Mitgliedsbeitrag und erm\u00f6glichen damit die Umsetzung von Projekten. <strong>Wenn auch Sie F\u00f6rdermitglied werden m\u00f6chten, so finden Sie unseren Aufnahmeantrag auf dieser Seite. <\/strong>Selbstverst\u00e4ndlich sind auch Spenden jederzeit willkommen.<\/p>\n<p>Mit Ihrer Hilfe k\u00f6nnen wir auch in Zukunft die Ausbildung unserer Kinder unterst\u00fctzen.<\/p>\n<p><a href=\"https:\/\/ludgerischule-dingden.de\/wp-content\/uploads\/2022\/04\/Aufnahmeantrag.pdf\">Aufnahmeantrag<\/a><\/p>\n<p>Kontakt:<\/p>\n<p>F\u00f6rderverein der Ludgeri-Grundschule e. V.<\/p>\n<p>Weberstra\u00dfe 24, 46499 Hamminkeln<\/p>\n<p>E-Mail: <a href=\"mailto:foerderverein@ludgerischule-dingden.de\">foerderverein@ludgerischule-dingden.de<\/a><\/p>\n<p>Ansprechpartner:<\/p>\n<ol>\n<li>Vorsitzender: S\u00f6ren Enk, 2. Vorsitzender: Timo Br\u00fcggemann, Kassenwart: Ren\u00e9 Mecking, Kassenpr\u00fcferin: Judith Messing &amp; Jenny Wagner<\/li>\n<\/ol>\n<p><strong>Spendenkonto<\/strong><\/p>\n<p>&nbsp;<\/p>\n<table style=\"height: 510px;\" width=\"645\">\n<tbody>\n<tr>\n<td width=\"330\"><strong>Kontoinhaber: <\/strong><\/p>\n<p>F\u00f6rderverein der Ludgeri-Grundschule Dingden e. V.<\/p>\n<p><strong>IBAN: <\/strong><\/p>\n<p>DE57 3565 0000 0011 1127 29<\/p>\n<p><strong>BIC:<\/strong><\/p>\n<p>WELADED1WES<\/p>\n<p>Niederrheinische Sparkasse RheinLippe<\/td>\n<td width=\"274\"><strong>Oder per GiroCode:<\/strong><\/p>\n<p>1.\u00a0\u00a0\u00a0\u00a0\u00a0\u00a0 GiroCode mit Ihrer Banking-App einscannen<\/p>\n<p>2.\u00a0\u00a0\u00a0\u00a0\u00a0\u00a0 Betrag eingeben<\/p>\n<p>3.\u00a0\u00a0\u00a0\u00a0\u00a0\u00a0 Zahlung freigeben<\/p>\n<p><img loading=\"lazy\" decoding=\"async\" class=\"alignnone wp-image-817\" src=\"https:\/\/ludgerischule-dingden.de\/wp-content\/uploads\/2022\/04\/Girocode-Foerderverein-300x283.jpg\" alt=\"\" width=\"165\" height=\"156\" srcset=\"https:\/\/ludgerischule-dingden.de\/wp-content\/uploads\/2022\/04\/Girocode-Foerderverein-300x283.jpg 300w, https:\/\/ludgerischule-dingden.de\/wp-content\/uploads\/2022\/04\/Girocode-Foerderverein.jpg 434w\" sizes=\"auto, (max-width: 165px) 100vw, 165px\" \/><\/td>\n<\/tr>\n<\/tbody>\n<\/table>\n<p>Der F\u00f6rderverein arbeitet gemeinn\u00fctzig und ist berechtigt Spendenquittungen auszustellen.<\/p>\n","protected":false},"excerpt":{"rendered":"<p>Liebe Eltern, liebe Interessierte, Schule ist mehr als Lesen, Schreiben und Rechnen. Deshalb bietet die Ludgeri-Grundschule Dingden neben dem Unterricht noch viele andere wichtige und interessante Angebote an. Dies kann die Schule nicht alles aus eigenen Mitteln finanzieren \u2013 um &hellip; <a href=\"https:\/\/ludgerischule-dingden.de\/?page_id=44\">Weiterlesen <span class=\"meta-nav\">&rarr;<\/span><\/a><\/p>\n","protected":false},"author":1,"featured_media":0,"parent":0,"menu_order":7,"comment_status":"closed","ping_status":"closed","template":"","meta":{"footnotes":""},"class_list":["post-44","page","type-page","status-publish","hentry"],"_links":{"self":[{"href":"https:\/\/ludgerischule-dingden.de\/index.php?rest_route=\/wp\/v2\/pages\/44","targetHints":{"allow":["GET"]}}],"collection":[{"href":"https:\/\/ludgerischule-dingden.de\/index.php?rest_route=\/wp\/v2\/pages"}],"about":[{"href":"https:\/\/ludgerischule-dingden.de\/index.php?rest_route=\/wp\/v2\/types\/page"}],"author":[{"embeddable":true,"href":"https:\/\/ludgerischule-dingden.de\/index.php?rest_route=\/wp\/v2\/users\/1"}],"replies":[{"embeddable":true,"href":"https:\/\/ludgerischule-dingden.de\/index.php?rest_route=%2Fwp%2Fv2%2Fcomments&post=44"}],"version-history":[{"count":10,"href":"https:\/\/ludgerischule-dingden.de\/index.php?rest_route=\/wp\/v2\/pages\/44\/revisions"}],"predecessor-version":[{"id":1059,"href":"https:\/\/ludgerischule-dingden.de\/index.php?rest_route=\/wp\/v2\/pages\/44\/revisions\/1059"}],"wp:attachment":[{"href":"https:\/\/ludgerischule-dingden.de\/index.php?rest_route=%2Fwp%2Fv2%2Fmedia&parent=44"}],"curies":[{"name":"wp","href":"https:\/\/api.w.org\/{rel}","templated":true}]}}