{"id":14,"date":"2018-02-09T18:55:01","date_gmt":"2018-02-09T18:55:01","guid":{"rendered":"http:\/\/ludgerischule-dingden.de\/?page_id=14"},"modified":"2024-09-06T11:26:27","modified_gmt":"2024-09-06T11:26:27","slug":"willkommen","status":"publish","type":"page","link":"https:\/\/ludgerischule-dingden.de\/","title":{"rendered":"Willkommen"},"content":{"rendered":"<p>&nbsp;<\/p>\n<p><img loading=\"lazy\" decoding=\"async\" class=\" wp-image-32 aligncenter\" src=\"https:\/\/ludgerischule-dingden.de\/wp-content\/uploads\/2018\/02\/logo-300x67.jpg\" alt=\"\" width=\"421\" height=\"94\" srcset=\"https:\/\/ludgerischule-dingden.de\/wp-content\/uploads\/2018\/02\/logo-300x67.jpg 300w, https:\/\/ludgerischule-dingden.de\/wp-content\/uploads\/2018\/02\/logo.jpg 492w\" sizes=\"auto, (max-width: 421px) 100vw, 421px\" \/><\/p>\n<p style=\"text-align: center;\">Im Namen der gesamten Belegschaft der Ludgerischule, der Kinder,<br \/>\nder Lehrerinnen und Lehrer, des Ganztagsteams, und allen, die an der<br \/>\nSchule arbeiten, begr\u00fc\u00dfen wir Sie herzlich auf unserer Internetseite.<\/p>\n<p style=\"text-align: center;\">Wir hoffen, Sie finden die gew\u00fcnschten Informationen auf unserer Seite und<br \/>\nwir freuen uns nat\u00fcrlich \u00fcber jegliche R\u00fcckmeldung.<\/p>\n<p>&nbsp;<\/p>\n<p>&nbsp;<\/p>\n","protected":false},"excerpt":{"rendered":"<p>&nbsp; Im Namen der gesamten Belegschaft der Ludgerischule, der Kinder, der Lehrerinnen und Lehrer, des Ganztagsteams, und allen, die an der Schule arbeiten, begr\u00fc\u00dfen wir Sie herzlich auf unserer Internetseite. Wir hoffen, Sie finden die gew\u00fcnschten Informationen auf unserer Seite &hellip; <a href=\"https:\/\/ludgerischule-dingden.de\/\">Weiterlesen <span class=\"meta-nav\">&rarr;<\/span><\/a><\/p>\n","protected":false},"author":1,"featured_media":32,"parent":0,"menu_order":0,"comment_status":"closed","ping_status":"closed","template":"","meta":{"footnotes":""},"class_list":["post-14","page","type-page","status-publish","has-post-thumbnail","hentry"],"_links":{"self":[{"href":"https:\/\/ludgerischule-dingden.de\/index.php?rest_route=\/wp\/v2\/pages\/14","targetHints":{"allow":["GET"]}}],"collection":[{"href":"https:\/\/ludgerischule-dingden.de\/index.php?rest_route=\/wp\/v2\/pages"}],"about":[{"href":"https:\/\/ludgerischule-dingden.de\/index.php?rest_route=\/wp\/v2\/types\/page"}],"author":[{"embeddable":true,"href":"https:\/\/ludgerischule-dingden.de\/index.php?rest_route=\/wp\/v2\/users\/1"}],"replies":[{"embeddable":true,"href":"https:\/\/ludgerischule-dingden.de\/index.php?rest_route=%2Fwp%2Fv2%2Fcomments&post=14"}],"version-history":[{"count":16,"href":"https:\/\/ludgerischule-dingden.de\/index.php?rest_route=\/wp\/v2\/pages\/14\/revisions"}],"predecessor-version":[{"id":1040,"href":"https:\/\/ludgerischule-dingden.de\/index.php?rest_route=\/wp\/v2\/pages\/14\/revisions\/1040"}],"wp:featuredmedia":[{"embeddable":true,"href":"https:\/\/ludgerischule-dingden.de\/index.php?rest_route=\/wp\/v2\/media\/32"}],"wp:attachment":[{"href":"https:\/\/ludgerischule-dingden.de\/index.php?rest_route=%2Fwp%2Fv2%2Fmedia&parent=14"}],"curies":[{"name":"wp","href":"https:\/\/api.w.org\/{rel}","templated":true}]}}