{"id":111,"date":"2018-05-29T17:54:23","date_gmt":"2018-05-29T17:54:23","guid":{"rendered":"http:\/\/ludgerischule-dingden.de\/?page_id=111"},"modified":"2025-02-03T12:38:50","modified_gmt":"2025-02-03T12:38:50","slug":"impressum","status":"publish","type":"page","link":"https:\/\/ludgerischule-dingden.de\/?page_id=111","title":{"rendered":"Impressum\/Datenschutzerkl\u00e4rung"},"content":{"rendered":"<div class=\"ce_text first block\">\n<p><strong>Dienstanbieter<\/strong>\u00a0dieser Seite ist der\u00a0<strong>Schultr\u00e4ger der Stadt Hamminkeln<\/strong>,<br \/>\nvertreten durch den:<br \/>\nB\u00fcrgermeister Bernd Romanski<br \/>\nBr\u00fcner Stra\u00dfe 9<br \/>\n46499 Hamminkeln<br \/>\nTelefon: 02852 880<br \/>\nFax: 02852 8813035<br \/>\nE-Mail: info@hamminkeln.de<\/p>\n<h2>Anschrift und Daten der Schule<\/h2>\n<p><strong>Ludgerischule Dingden<\/strong><br \/>\nSchulleiterin: Birgit Decressin<br \/>\nWeberstra\u00dfe 24<br \/>\n46499 Hamminkeln<br \/>\nTelefon: 02852 6108<br \/>\nFax: 02852 968838<br \/>\nE-Mail: info@ludgerischule-dingden.de<\/p>\n<\/div>\n<div class=\"ce_text block\">\n<h2>Haftungshinweise<\/h2>\n<p>F\u00fcr unser Internetangebot und den Betrieb dieses Dienstes gelten die folgenden Hinweise und Erkl\u00e4rungen.<\/p>\n<h2>Inhalt des Onlineangebotes<\/h2>\n<p>Die\u00a0Schule und die Autorinnen und Autoren \u00fcbernehmen keinerlei Gew\u00e4hr f\u00fcr die Aktualit\u00e4t, Korrektheit, Vollst\u00e4ndigkeit oder Qualit\u00e4t der bereitgestellten Informationen.<\/p>\n<p>Haftungsanspr\u00fcche gegen die\u00a0Schule bzw. die Autorinnen und Autoren, welche sich auf Sch\u00e4den materieller oder ideeller Art beziehen, die durch die Nutzung oder Nichtnutzung der dargebotenen Informationen bzw. durch die Nutzung fehlerhafter und unvollst\u00e4ndiger Informationen verursacht wurden, sind grunds\u00e4tzlich ausgeschlossen, sofern seitens der Schule bzw. der Autorinnen und Autoren kein nachweislich vors\u00e4tzliches oder grob fahrl\u00e4ssiges Verschulden vorliegt.<\/p>\n<p>Alle Angebote sind freibleibend und unverbindlich. Die\u00a0Schule bzw. die Autorinnen und Autoren behalten es sich ausdr\u00fccklich vor, Teile der Seiten oder das gesamte Angebot ohne gesonderte Ank\u00fcndigung zu ver\u00e4ndern, zu erg\u00e4nzen, zu l\u00f6schen oder die Ver\u00f6ffentlichung zeitweise oder endg\u00fcltig einzustellen.<\/p>\n<h2>Verweise und Links<\/h2>\n<p>Bei direkten oder indirekten Verweisen auf fremde Webseiten (&#8222;Hyperlinks&#8220;), die au\u00dferhalb unseres Verantwortungsbereiches liegen, w\u00fcrde eine Haftungsverpflichtung ausschlie\u00dflich in dem Fall in Kraft treten, in dem wir von den Inhalten Kenntnis haben und es uns technisch m\u00f6glich und zumutbar w\u00e4re, die Nutzung im Falle rechtswidriger Inhalte zu verhindern.<\/p>\n<p>Wir erkl\u00e4ren hiermit ausdr\u00fccklich, dass zum Zeitpunkt der Linksetzung keine illegalen Inhalte auf den zu verlinkenden Seiten erkennbar waren. Auf die aktuelle und zuk\u00fcnftige Gestaltung, die Inhalte oder die Urheberschaft der verlinkten\/verkn\u00fcpften Seiten haben wir keinerlei Einfluss. Deshalb distanzieren wir uns hiermit ausdr\u00fccklich von allen Inhalten aller verlinkten \/ verkn\u00fcpften Seiten, die nach der Linksetzung ver\u00e4ndert wurden. Diese Feststellung gilt f\u00fcr alle innerhalb des eigenen Internetangebotes gesetzten Links und Verweise sowie f\u00fcr Fremdeintr\u00e4ge in von uns eingerichteten G\u00e4steb\u00fcchern, Diskussionsforen, Linkverzeichnissen, Mailinglisten und in allen anderen Formen von Datenbanken, auf deren Inhalt externe Schreibzugriffe m\u00f6glich sind. F\u00fcr illegale, fehlerhafte oder unvollst\u00e4ndige Inhalte und insbesondere f\u00fcr Sch\u00e4den, die aus der Nutzung oder Nichtnutzung solcherart dargebotener Informationen entstehen, haftet allein der Anbieter der Seite, auf welche verwiesen wurde, nicht derjenige, der \u00fcber Links auf die jeweilige Ver\u00f6ffentlichung lediglich verweist.<\/p>\n<h2>Urheber- und Kennzeichenrecht<\/h2>\n<p>Die Autorinnen und Autoren sind bestrebt, in allen Publikationen die Urheberrechte der verwendeten Grafiken, Tondokumente, Videosequenzen und Texte zu beachten, von ihnen selbst erstellte Grafiken, Tondokumente, Videosequenzen und Texte zu nutzen oder auf lizenzfreie Grafiken, Tondokumente, Videosequenzen und Texte zur\u00fcckzugreifen.<\/p>\n<p>Alle innerhalb des Internetangebotes genannten und ggf. durch Dritte gesch\u00fctzten Marken- und Warenzeichen unterliegen uneingeschr\u00e4nkt den Bestimmungen des jeweils g\u00fcltigen Kennzeichenrechts und den Besitzrechten der jeweiligen eingetragenen Eigent\u00fcmer. Allein aufgrund der blo\u00dfen Nennung ist nicht der Schluss zu ziehen, dass Markenzeichen nicht durch Rechte Dritter gesch\u00fctzt sind!<\/p>\n<p>Das Copyright f\u00fcr ver\u00f6ffentlichte, von unseren Autorinnen und Autoren selbst erstellte Objekte bleibt allein bei den Autorinnen und Autoren der Seiten. Eine Vervielf\u00e4ltigung oder Verwendung solcher Grafiken, Tondokumente, Videosequenzen und Texte in anderen elektronischen oder gedruckten Publikationen ist ohne ausdr\u00fcckliche Zustimmung der Autorinnen und Autoren nicht gestattet.<\/p>\n<\/div>\n<div class=\"ce_text block\">\n<h1><strong>Datenschutzerkl\u00e4rung<\/strong><\/h1>\n<h2>Datenschutz<\/h2>\n<p>Sie werden nachfolgend dar\u00fcber informiert, welche Daten aufgrund des Besuchs dieser Internetseiten zu welchen Zwecken verarbeitet werden und welche Rechte Sie hierzu haben.<\/p>\n<p>Wenn Sie die Internetseiten der Ludgerischule Dingden besuchen, erbringt dieLudgerischule Dingden\u00a0f\u00fcr Sie einen Telemediendienst im Sinne des Telemediengesetzes (TMG). Dabei werden Ihre Daten gem\u00e4\u00df den gesetzlichen Vorgaben verarbeitet, insbesondere denen des TMG und der seit dem 25.05.2018 unmittelbar geltenden EU-Datenschutz-Grundverordnung (DS-GVO) in Verbindung mit dem Datenschutzgesetz NRW (DSG NRW).<\/p>\n<p>Die von Ihnen im Rahmen der Nutzung der Serviceangebote auf den Internetseiten der\u00a0<strong>Ludgerischule Dingden<\/strong>\u00a0angegebenen personenbezogenen Daten werden ausschlie\u00dflich zum Zweck der Aufgabenerf\u00fcllung verarbeitet. Sofern Ihre Daten nicht mehr im Rahmen der Aufgabenerf\u00fcllung ben\u00f6tigt werden, werden sie unverz\u00fcglich gel\u00f6scht. N\u00e4heres hierzu erfahren Sie in den jeweiligen Datenschutzerkl\u00e4rungen der einzelnen Online-Formulare und Dienstleistungsangebote.<br \/>\nBitte beachten Sie, dass bei einer unverschl\u00fcsselten \u00dcbermittlung von Daten die M\u00f6glichkeit besteht, dass Dritte sie auf dem Transportwege zur Kenntnis nehmen, verf\u00e4lschen oder l\u00f6schen. Wir empfehlen Ihnen daher, vertrauliche Informationen mithilfe des S\/MIME-Verschl\u00fcsselungsverfahrens oder auf dem Postweg zu versenden.<\/p>\n<h2>Was sind\u00a0personenbezogene\u00a0Daten?<\/h2>\n<p>Der Begriff &#8222;personenbezogene Daten&#8220; ist in Artikel 4 Ziffer 1 der DS-GVO definiert. Demnach handelt es sich um alle Informationen, die sich auf eine identifizierte oder identifizierbare nat\u00fcrliche Person beziehen. Darunter fallen beispielsweise Ihr Name, Ihre Anschrift, Ihre Telefonnummer oder Ihr Geburtsdatum.<\/p>\n<h2>Was bedeutet die Verarbeitung von Daten?<\/h2>\n<p>Die Bedeutung der Verarbeitung personenbezogener Daten ergibt sich aus Artikel 4 Ziffer 2 DS-GVO. Danach ist die Bezeichnung \u201eVerarbeitung\u201c ein umfassender Oberbegriff f\u00fcr s\u00e4mtliche Verfahrensweisen im Umgang mit Daten. Hierzu z\u00e4hlen beispielsweise die Erhebung, die Speicherung, die Verwendung, die \u00dcbermittlung und die L\u00f6schung von personenbezogenen Daten.<\/p>\n<h2>Anonyme Verarbeitung von Daten<\/h2>\n<p>Soweit in dieser Datenschutzerkl\u00e4rung oder an anderer Stelle nicht anderweitig dargestellt, werden bei der Nutzung unserer Webseiten grunds\u00e4tzlich keine personenbezogenen Daten verarbeitet.<\/p>\n<h2>Cookies<\/h2>\n<p>Zum Zwecke der Verbesserung seiner Web- und Dienstleistungsangebote werden sogenannte Cookies eingesetzt. Cookies sind Text-Informations-Dateien, welche Ihr Web-Browser auf Ihrem Computer abspeichert, wenn Sie eine unserer Webseiten \u00f6ffnen. Cookies richten auf Ihrem Rechner keinen Schaden an und enthalten keine Viren. Wenn Sie den Einsatz von Cookies verhindern m\u00f6chten, k\u00f6nnen Sie die Annahme von Cookies in Ihrem Browser verweigern. Wie dies im Einzelnen funktioniert, entnehmen Sie bitte der Anleitung Ihres Browser-Herstellers. Die meisten der von uns verwendeten Cookies sind so genannte \u201eSession-Cookies\u201c. Sie werden nach Ende Ihres Besuchs automatisch gel\u00f6scht. Andere Cookies bleiben auf Ihrem Endger\u00e4t gespeichert, bis Sie diese l\u00f6schen. Diese Cookies erm\u00f6glichen es uns, Ihren Browser beim n\u00e4chsten Besuch wiederzuerkennen. Sie k\u00f6nnen Ihren Browser so einstellen, dass Sie \u00fcber das Setzen von Cookies informiert werden und Cookies nur im Einzelfall erlauben, die Annahme von Cookies f\u00fcr bestimmte F\u00e4lle oder generell ausschlie\u00dfen sowie das automatische L\u00f6schen der Cookies beim Schlie\u00dfen des Browser aktivieren. Bei der Deaktivierung von Cookies kann die Funktionalit\u00e4t dieser Website eingeschr\u00e4nkt sein.<\/p>\n<h2>Server-Log-Files<\/h2>\n<p>Der Provider dieser Webseiten erhebt und speichert f\u00fcr die Dauer von 7 Tagen automatisch Informationen in sogenannten Server-Log Files, die Ihr Browser automatisch an uns \u00fcbermittelt. Dies sind:<\/p>\n<ul>\n<li>Browsertyp und -version<\/li>\n<li>verwendetes Betriebssystem<\/li>\n<li>Referrer URL (Website, die Sie vor dem Besuch dieser Seiten aufgerufen haben)<\/li>\n<li>IP-Adresse des zugreifenden Rechners<\/li>\n<li>Uhrzeit und Datenvolumen der Serveranfrage<\/li>\n<li>Klickpfad (dies ist der Weg, den Sie als Besucherin oder Besucher dieser Internetseiten zur\u00fccklegen, um ein bestimmtes Ziel zu erreichen)<\/li>\n<\/ul>\n<p>Diese Daten sind nicht daf\u00fcr bestimmt, Personen zu identifizieren. Eine Zusammenf\u00fchrung dieser Daten mit anderen Datenquellen wird nicht vorgenommen. Die Daten werden zur Fehlersuche ben\u00f6tigt. Wir behalten uns vor, diese Daten innerhalb der Speicherdauer nachtr\u00e4glich zu pr\u00fcfen, wenn uns konkrete Anhaltspunkte f\u00fcr eine rechtswidrige Nutzung bekannt werden.<\/p>\n<h2>Ihre Rechte nach der DS-GVO<\/h2>\n<p>Auf Ihre Rechte zu Auskunft, Berichtigung, L\u00f6schung, Einschr\u00e4nkung der Verarbeitung, Daten\u00fcbertragbarkeit und Widerspruch bez\u00fcglich der erfassten personenbezogenen Daten wird an dieser Stelle ausdr\u00fccklich hingewiesen. Rechtsgrundlage hierf\u00fcr sind die Artikel 15 bis 21 der DS-GVO und die Vorschriften des DSG NRW.<\/p>\n<p>Verantwortliche Person im Sinne der DS-GVO ist die\u00a0<strong>Ludgerischule Dingden<\/strong>, vertreten durch den Schulleiter<\/p>\n<p>Ludgerischule Dingden<br \/>\nWeberstra\u00dfe 24<br \/>\n46499 Hamminkeln<br \/>\nBirgit Decressin<br \/>\n02852-6108<br \/>\ninfo@ludgerischule-dingden.de<\/p>\n<p>Die Einhaltung der rechtlichen Grundlagen bzw. Voraussetzungen werden durch den\u00a0<strong>Beauftragten f\u00fcr Datenschutz der Schulen f\u00fcr den Kreis Wesel<\/strong>\u00a0\u00fcberwacht. Ihn erreichen Sie unter der eMail\u00a0<a href=\"mailto:dsb.schulen@medienzentrum-kreis-wesel.de\">dsb.schulen@medienzentrum-kreis-wesel.de<\/a>.<\/p>\n<p>Datenschutzrechtliche Beschwerden \u00fcber die\u00a0<strong>Ludgerischule Dingden<\/strong>\u00a0richten Sie bitte an die Landesbeauftragte f\u00fcr Datenschutz und Informationsfreiheit Nordrhein-Westfalen<br \/>\nKavalleriestr. 2-4,<br \/>\n40213 D\u00fcsseldorf<br \/>\nTelefon: 0211\/38424-0<br \/>\nFax: 0211\/38424-10<br \/>\neMail:\u00a0<a href=\"mailto:poststelle@ldi.nrw.de\">poststelle@ldi.nrw.de<\/a>.<\/p>\n<\/div>\n<div class=\"ce_text last block\">\n<h2>Rechtswirksamkeit dieses Haftungsausschlusses<\/h2>\n<p>Dieser Haftungsausschluss ist als Teil des Internetangebotes zu betrachten, von dem aus auf diese Seite verwiesen wurde. Sofern Teile oder einzelne Formulierungen dieses Textes der geltenden Rechtslage nicht, nicht mehr oder nicht vollst\u00e4ndig entsprechen sollten, bleiben die \u00fcbrigen Teile des Dokumentes in ihrem Inhalt und ihrer G\u00fcltigkeit davon unber\u00fchrt.<\/p>\n<\/div>\n","protected":false},"excerpt":{"rendered":"<p>Dienstanbieter\u00a0dieser Seite ist der\u00a0Schultr\u00e4ger der Stadt Hamminkeln, vertreten durch den: B\u00fcrgermeister Bernd Romanski Br\u00fcner Stra\u00dfe 9 46499 Hamminkeln Telefon: 02852 880 Fax: 02852 8813035 E-Mail: info@hamminkeln.de Anschrift und Daten der Schule Ludgerischule Dingden Schulleiterin: Birgit Decressin Weberstra\u00dfe 24 46499 Hamminkeln &hellip; <a href=\"https:\/\/ludgerischule-dingden.de\/?page_id=111\">Weiterlesen <span class=\"meta-nav\">&rarr;<\/span><\/a><\/p>\n","protected":false},"author":1,"featured_media":0,"parent":0,"menu_order":13,"comment_status":"closed","ping_status":"closed","template":"","meta":{"footnotes":""},"class_list":["post-111","page","type-page","status-publish","hentry"],"_links":{"self":[{"href":"https:\/\/ludgerischule-dingden.de\/index.php?rest_route=\/wp\/v2\/pages\/111","targetHints":{"allow":["GET"]}}],"collection":[{"href":"https:\/\/ludgerischule-dingden.de\/index.php?rest_route=\/wp\/v2\/pages"}],"about":[{"href":"https:\/\/ludgerischule-dingden.de\/index.php?rest_route=\/wp\/v2\/types\/page"}],"author":[{"embeddable":true,"href":"https:\/\/ludgerischule-dingden.de\/index.php?rest_route=\/wp\/v2\/users\/1"}],"replies":[{"embeddable":true,"href":"https:\/\/ludgerischule-dingden.de\/index.php?rest_route=%2Fwp%2Fv2%2Fcomments&post=111"}],"version-history":[{"count":6,"href":"https:\/\/ludgerischule-dingden.de\/index.php?rest_route=\/wp\/v2\/pages\/111\/revisions"}],"predecessor-version":[{"id":1101,"href":"https:\/\/ludgerischule-dingden.de\/index.php?rest_route=\/wp\/v2\/pages\/111\/revisions\/1101"}],"wp:attachment":[{"href":"https:\/\/ludgerischule-dingden.de\/index.php?rest_route=%2Fwp%2Fv2%2Fmedia&parent=111"}],"curies":[{"name":"wp","href":"https:\/\/api.w.org\/{rel}","templated":true}]}}